{"id":397,"date":"2015-01-01T20:24:11","date_gmt":"2015-01-01T19:24:11","guid":{"rendered":"https:\/\/archipress.org\/wp\/?page_id=397"},"modified":"2015-01-01T20:24:11","modified_gmt":"2015-01-01T19:24:11","slug":"jeune-ascese-et-symbolique","status":"publish","type":"page","link":"https:\/\/archipress.org\/?page_id=397","title":{"rendered":"Je\u00fbne, asc\u00e8se et symbolique"},"content":{"rendered":"<h3 align=\"center\">Ramadan : asc\u00e8se et symbolique<\/h3>\n<p align=\"center\"><strong>une conf\u00e9rence de Chadly Fitouri\u00a0<\/strong><\/p>\n<div align=\"justify\">\n<div align=\"justify\"><em><span style=\"color: #000000;\">Chadly Fitouri, n\u00e9 en 1930 \u00e0 Kairouan (Tunisie), docteur d&#8217;\u00c9tat es lettres et Sciences humaines est un sp\u00e9cialiste des questions de l&#8217;\u00e9ducation. Ancien directeur de l&#8217;Institut des sciences de l&#8217;\u00e9ducation de Tunis, ancien conseiller du Bureau International de l&#8217;\u00c9ducation \u00e0 Gen\u00e8ve (BIE-UNESCO), il est l&#8217;auteur du livre Biculturalisme, Bilinguisme et \u00c9ducation(Delachaux et Niestl\u00e9, Paris, 1983, 300 pages) ainsi que d&#8217;une centaine d&#8217;articles scientifiques.<\/span><\/em><\/div>\n<div align=\"justify\"><\/div>\n<div style=\"text-align: left;\" align=\"center\">Conf\u00e9rence donn\u00e9e le 10 juin 1983 \u00e0 l&#8217;universit\u00e9 de Gen\u00e8ve (dur\u00e9e: 1h37)<\/div>\n<div style=\"text-align: left;\" align=\"center\">[playerzbr url=&quot;https:\/\/archipress.org\/audio\/fitouri.mp3%22]<\/div>\n<div align=\"center\"><\/div>\n<\/div>\n","protected":false},"excerpt":{"rendered":"<p>Ramadan : asc\u00e8se et symbolique une conf\u00e9rence de Chadly Fitouri\u00a0 Chadly Fitouri, n\u00e9 en 1930 \u00e0 Kairouan (Tunisie), docteur d&#8217;\u00c9tat es lettres et Sciences humaines est un sp\u00e9cialiste des questions de l&#8217;\u00e9ducation. Ancien directeur de l&#8217;Institut des sciences de l&#8217;\u00e9ducation de Tunis, ancien conseiller du Bureau International de l&#8217;\u00c9ducation \u00e0\u2026 <a class=\"continue-reading-link\" href=\"https:\/\/archipress.org\/?page_id=397\">Lire plus \/ Read more<\/a><\/p>\n","protected":false},"author":1,"featured_media":0,"parent":0,"menu_order":0,"comment_status":"closed","ping_status":"closed","template":"","meta":{"footnotes":""},"class_list":["post-397","page","type-page","status-publish","hentry"],"_links":{"self":[{"href":"https:\/\/archipress.org\/index.php?rest_route=\/wp\/v2\/pages\/397","targetHints":{"allow":["GET"]}}],"collection":[{"href":"https:\/\/archipress.org\/index.php?rest_route=\/wp\/v2\/pages"}],"about":[{"href":"https:\/\/archipress.org\/index.php?rest_route=\/wp\/v2\/types\/page"}],"author":[{"embeddable":true,"href":"https:\/\/archipress.org\/index.php?rest_route=\/wp\/v2\/users\/1"}],"replies":[{"embeddable":true,"href":"https:\/\/archipress.org\/index.php?rest_route=%2Fwp%2Fv2%2Fcomments&post=397"}],"version-history":[{"count":0,"href":"https:\/\/archipress.org\/index.php?rest_route=\/wp\/v2\/pages\/397\/revisions"}],"wp:attachment":[{"href":"https:\/\/archipress.org\/index.php?rest_route=%2Fwp%2Fv2%2Fmedia&parent=397"}],"curies":[{"name":"wp","href":"https:\/\/api.w.org\/{rel}","templated":true}]}}