{"id":407,"date":"2015-01-01T20:49:46","date_gmt":"2015-01-01T19:49:46","guid":{"rendered":"https:\/\/archipress.org\/wp\/?page_id=407"},"modified":"2015-01-01T20:49:46","modified_gmt":"2015-01-01T19:49:46","slug":"livresse-mystique-entretien-avec-salah-stetie","status":"publish","type":"page","link":"https:\/\/archipress.org\/?page_id=407","title":{"rendered":"L&#8217;ivresse mystique, entretien avec Salah St\u00e9ti\u00e9"},"content":{"rendered":"<h3 style=\"text-align: center;\">L&#8217;ivresse mystique<\/h3>\n<p style=\"text-align: center;\"><strong>entretien avec Salah St\u00e9ti\u00e9<\/strong><\/p>\n<p style=\"text-align: justify;\"><em>\u00a0<\/em><br \/>\n<em>Salah St\u00e9ti\u00e9, <\/em>n\u00e9 en 1929 au Liban, est traducteur, po\u00e8te et essayiste. Auteur de nombreux ouvrages dont <em>La uni\u00e8me nuit<\/em> (Stock), <em>L&#8217;autre c\u00f4t\u00e9 br\u00fbl\u00e9 du tr\u00e8s pur<\/em> (Gallimard), il a notamment \u00e9crit sur la spiritualit\u00e9 islamique <em>Lumi\u00e8re sur Lumi\u00e8re ou l&#8217;Islam cr\u00e9ateur<\/em> (Les cahiers de l&#8217;Egar\u00e9, 1992), <em>Le vin mystique<\/em> (Fata Morgana, 1998) et <em>Mahomet<\/em>(Pygmalion, 2000).<\/p>\n<p>Emission <em>Les chemins de la connaissance<\/em>, France-Culture<br \/>\n(Abdelwahab Meddeb, 30 janvier 2001)<\/p>\n<p>Ecouter l&apos;\u00e9mission, 28 mn<br \/>\n<audio controls><source src=\"\/audio\/stetie.mp3\" type=\"audio\/mpeg\">Your browser does not support audio playback.<\/audio><\/p>\n","protected":false},"excerpt":{"rendered":"<p>L&#8217;ivresse mystique entretien avec Salah St\u00e9ti\u00e9 \u00a0 Salah St\u00e9ti\u00e9, n\u00e9 en 1929 au Liban, est traducteur, po\u00e8te et essayiste. Auteur de nombreux ouvrages dont La uni\u00e8me nuit (Stock), L&#8217;autre c\u00f4t\u00e9 br\u00fbl\u00e9 du tr\u00e8s pur (Gallimard), il a notamment \u00e9crit sur la spiritualit\u00e9 islamique Lumi\u00e8re sur Lumi\u00e8re ou l&#8217;Islam cr\u00e9ateur (Les\u2026 <a class=\"continue-reading-link\" href=\"https:\/\/archipress.org\/?page_id=407\">Lire plus \/ Read more<\/a><\/p>\n","protected":false},"author":1,"featured_media":1448,"parent":0,"menu_order":0,"comment_status":"closed","ping_status":"closed","template":"","meta":{"footnotes":""},"class_list":["post-407","page","type-page","status-publish","has-post-thumbnail","hentry"],"_links":{"self":[{"href":"https:\/\/archipress.org\/index.php?rest_route=\/wp\/v2\/pages\/407","targetHints":{"allow":["GET"]}}],"collection":[{"href":"https:\/\/archipress.org\/index.php?rest_route=\/wp\/v2\/pages"}],"about":[{"href":"https:\/\/archipress.org\/index.php?rest_route=\/wp\/v2\/types\/page"}],"author":[{"embeddable":true,"href":"https:\/\/archipress.org\/index.php?rest_route=\/wp\/v2\/users\/1"}],"replies":[{"embeddable":true,"href":"https:\/\/archipress.org\/index.php?rest_route=%2Fwp%2Fv2%2Fcomments&post=407"}],"version-history":[{"count":0,"href":"https:\/\/archipress.org\/index.php?rest_route=\/wp\/v2\/pages\/407\/revisions"}],"wp:featuredmedia":[{"embeddable":true,"href":"https:\/\/archipress.org\/index.php?rest_route=\/"}],"wp:attachment":[{"href":"https:\/\/archipress.org\/index.php?rest_route=%2Fwp%2Fv2%2Fmedia&parent=407"}],"curies":[{"name":"wp","href":"https:\/\/api.w.org\/{rel}","templated":true}]}}