{"id":733,"date":"2015-01-07T00:29:43","date_gmt":"2015-01-06T23:29:43","guid":{"rendered":"https:\/\/archipress.org\/wp\/?page_id=733"},"modified":"2015-01-07T00:29:43","modified_gmt":"2015-01-06T23:29:43","slug":"adieu-ahmed-ben-bella-%d9%88%d8%af%d8%a7%d8%b9-%d8%a3%d8%ad%d9%85%d8%af-%d8%a8%d9%86-%d8%a8%d9%84%d8%a9","status":"publish","type":"page","link":"https:\/\/archipress.org\/?page_id=733","title":{"rendered":"Adieu \u00e0 Ahmed Ben Bella \u0648\u062f\u0627\u0639 \u0623\u062d\u0645\u062f \u0628\u0646 \u0628\u0644\u0629"},"content":{"rendered":"<h3 style=\"text-align: center;\">Comm\u00e9moration et fun\u00e9railles, Alger, 11-13 avril 2012<\/h3>\n<p style=\"text-align: center;\">Adieu \u00e0 Ahmed Ben Bella \u0648\u062f\u0627\u0639 \u0623\u062d\u0645\u062f \u0628\u0646 \u0628\u0644\u0629<\/p>\n<p style=\"text-align: center;\"><object width=\"300\" height=\"150\"><embed src=\"http:\/\/www.youtube.com\/v\/fZyVb1XHqI0\" wmode=\"transparent\" type=\"application\/x-shockwave-flash\" \/><\/object><\/p>\n<p style=\"text-align: center;\"><object width=\"300\" height=\"150\"><embed src=\"http:\/\/www.youtube.com\/v\/Q-7U3MlJWUc\" wmode=\"transparent\" type=\"application\/x-shockwave-flash\" \/><\/object><\/p>\n<p style=\"text-align: center;\"><object width=\"300\" height=\"150\"><embed src=\"http:\/\/www.youtube.com\/v\/rxCe3ahnlJM\" wmode=\"transparent\" type=\"application\/x-shockwave-flash\" \/><\/object><\/p>\n","protected":false},"excerpt":{"rendered":"<p>Comm\u00e9moration et fun\u00e9railles, Alger, 11-13 avril 2012 Adieu \u00e0 Ahmed Ben Bella \u0648\u062f\u0627\u0639 \u0623\u062d\u0645\u062f \u0628\u0646 \u0628\u0644\u0629 <a class=\"continue-reading-link\" href=\"https:\/\/archipress.org\/?page_id=733\">Lire plus \/ Read more<\/a><\/p>\n","protected":false},"author":1,"featured_media":750,"parent":643,"menu_order":0,"comment_status":"closed","ping_status":"closed","template":"","meta":{"footnotes":""},"class_list":["post-733","page","type-page","status-publish","has-post-thumbnail","hentry"],"_links":{"self":[{"href":"https:\/\/archipress.org\/index.php?rest_route=\/wp\/v2\/pages\/733","targetHints":{"allow":["GET"]}}],"collection":[{"href":"https:\/\/archipress.org\/index.php?rest_route=\/wp\/v2\/pages"}],"about":[{"href":"https:\/\/archipress.org\/index.php?rest_route=\/wp\/v2\/types\/page"}],"author":[{"embeddable":true,"href":"https:\/\/archipress.org\/index.php?rest_route=\/wp\/v2\/users\/1"}],"replies":[{"embeddable":true,"href":"https:\/\/archipress.org\/index.php?rest_route=%2Fwp%2Fv2%2Fcomments&post=733"}],"version-history":[{"count":0,"href":"https:\/\/archipress.org\/index.php?rest_route=\/wp\/v2\/pages\/733\/revisions"}],"up":[{"embeddable":true,"href":"https:\/\/archipress.org\/index.php?rest_route=\/wp\/v2\/pages\/643"}],"wp:featuredmedia":[{"embeddable":true,"href":"https:\/\/archipress.org\/index.php?rest_route=\/"}],"wp:attachment":[{"href":"https:\/\/archipress.org\/index.php?rest_route=%2Fwp%2Fv2%2Fmedia&parent=733"}],"curies":[{"name":"wp","href":"https:\/\/api.w.org\/{rel}","templated":true}]}}